{"id":619,"date":"2019-12-07T18:55:41","date_gmt":"2019-12-07T18:55:41","guid":{"rendered":"http:\/\/34.227.63.65\/?page_id=619"},"modified":"2019-12-07T18:55:41","modified_gmt":"2019-12-07T18:55:41","slug":"conversion-unidades-de-almacenamiento","status":"publish","type":"page","link":"http:\/\/34.227.63.65\/en\/conversion-storage-units\/","title":{"rendered":"Conversi\u00f3n unidades de almacenamiento"},"content":{"rendered":"<div data-elementor-type=\"wp-page\" data-elementor-id=\"619\" class=\"elementor elementor-619\">\n\t\t\t\t\t\t<section class=\"elementor-section elementor-top-section elementor-element elementor-element-668d1c0 elementor-section-boxed elementor-section-height-default elementor-section-height-default\" data-id=\"668d1c0\" data-element_type=\"section\">\n\t\t\t\t\t\t<div class=\"elementor-container elementor-column-gap-default\">\n\t\t\t\t\t<div class=\"elementor-column elementor-col-100 elementor-top-column elementor-element elementor-element-ff6bd13\" data-id=\"ff6bd13\" data-element_type=\"column\">\n\t\t\t<div class=\"elementor-widget-wrap elementor-element-populated\">\n\t\t\t\t\t\t<div class=\"elementor-element elementor-element-bad42c4 elementor-widget elementor-widget-html\" data-id=\"bad42c4\" data-element_type=\"widget\" data-widget_type=\"html.default\">\n\t\t\t\t<div class=\"elementor-widget-container\">\n\t\t\t<div style=\"position:relative;width:600px;\"><iframe src=\"https:\/\/convertlive.com\/es\/w\/convertir\/gigabytes\/a\/megabytes\" frameborder=\"0\" width=\"300px\" height=\"400px\" style=\"border:medium none;overflow-x:hidden;overflow-y:hidden;margin-bottom:-5px;\"><p>Su navegador no soporta iframes. <a href=\"https:\/\/convertlive.com\/es\/convertir\">convertlive<\/a>.<\/p><\/iframe><a target=\"_blank\" rel=\"noopener\" style=\"position:absolute;bottom:7px;right:15px;font-family:monospace;color:#68808F;font-size:12px;font-weight:700;\" href=\"https:\/\/convertlive.com\/es\/convertir\"><\/a><\/div>\t\t<\/div>\n\t\t\t\t<\/div>\n\t\t\t\t\t<\/div>\n\t\t<\/div>\n\t\t\t\t\t<\/div>\n\t\t<\/section>\n\t\t\t\t<section class=\"elementor-section elementor-top-section elementor-element elementor-element-acd139f elementor-section-boxed elementor-section-height-default elementor-section-height-default\" data-id=\"acd139f\" data-element_type=\"section\">\n\t\t\t\t\t\t<div class=\"elementor-container elementor-column-gap-default\">\n\t\t\t\t\t<div class=\"elementor-column elementor-col-100 elementor-top-column elementor-element elementor-element-858f4a8\" data-id=\"858f4a8\" data-element_type=\"column\">\n\t\t\t<div class=\"elementor-widget-wrap elementor-element-populated\">\n\t\t\t\t\t\t<div class=\"elementor-element elementor-element-aa3f5a4 elementor-widget elementor-widget-text-editor\" data-id=\"aa3f5a4\" data-element_type=\"widget\" data-widget_type=\"text-editor.default\">\n\t\t\t\t<div class=\"elementor-widget-container\">\n\t\t\t\t\t\t\t<style type=\"text\/css\">\n\ttable.tableizer-table {\n\t\tfont-size: 12px;\n\t\tborder: 1px solid #CCC; \n\t\tfont-family: Arial, Helvetica, sans-serif;\n\t} \n\t.tableizer-table td {\n\t\tpadding: 4px;\n\t\tmargin: 3px;\n\t\tborder: 1px solid #CCC;\n\t}\n\t.tableizer-table th {\n\t\tbackground-color: #104E8B; \n\t\tcolor: #FFF;\n\t\tfont-weight: bold;\n\t}\n<\/style>\n<table class=\"tableizer-table\">\n<thead><tr class=\"tableizer-firstrow\"><th>Medida<\/th><th>Simbolog\u00eda<\/th><th>Convertir de <\/th><th>Equivalencia<\/th><\/tr><\/thead><tbody>\n <tr><td>bit <\/td><td>b<\/td><td>bits<\/td><td>1 o 0<\/td><\/tr>\n <tr><td>Byte<\/td><td>B<\/td><td>A bits<\/td><td>8 Bits<\/td><\/tr>\n <tr><td>KiloBit<\/td><td>kb <\/td><td>biits a Kb<\/td><td>1000 bits<\/td><\/tr>\n <tr><td>Kilobyte<\/td><td>KB<\/td><td>Byte a KB<\/td><td>1024 Bytes<\/td><\/tr>\n <tr><td>Megabit<\/td><td>Mb<\/td><td>Kb a Mb<\/td><td>1000 Kilobits<\/td><\/tr>\n <tr><td>Megabyte<\/td><td>MB<\/td><td>KB A MB<\/td><td>1024 KiloBytes<\/td><\/tr>\n <tr><td>Gigabit<\/td><td>Gb<\/td><td>Mb a Gb<\/td><td>1000 Megabits<\/td><\/tr>\n <tr><td>Gigabyte<\/td><td>GB<\/td><td>MB A GB<\/td><td>1024 MegaBytes<\/td><\/tr>\n <tr><td>Terabit<\/td><td>Tb<\/td><td>Gb a Tb<\/td><td>1000 Terabits<\/td><\/tr>\n <tr><td>Terabyte<\/td><td>TB<\/td><td>GB A TB<\/td><td>1024 Gigabytes<\/td><\/tr>\n <tr><td>Exabit<\/td><td>Eb<\/td><td>Tb A Gb<\/td><td>1000 Terabits<\/td><\/tr>\n <tr><td>Exabyte<\/td><td>EB<\/td><td>TB A EB<\/td><td>1024 Terabytes<\/td><\/tr>\n <tr><td><\/td><\/tr>\n<\/tbody><\/table>\t\t\t\t\t\t<\/div>\n\t\t\t\t<\/div>\n\t\t\t\t\t<\/div>\n\t\t<\/div>\n\t\t\t\t\t<\/div>\n\t\t<\/section>\n\t\t\t\t<\/div>","protected":false},"excerpt":{"rendered":"<p>Su navegador no soporta iframes. convertlive. Medida Simbolog\u00eda Convertir de Equivalencia bit b bits 1 o 0 Byte B A bits 8 Bits KiloBit kb biits a Kb 1000 bits Kilobyte KB Byte a KB 1024 Bytes Megabit Mb Kb a Mb 1000 Kilobits Megabyte MB KB A MB 1024 KiloBytes Gigabit Gb Mb a [&hellip;]<\/p>","protected":false},"author":2,"featured_media":0,"parent":0,"menu_order":0,"comment_status":"closed","ping_status":"closed","template":"","meta":{"footnotes":""},"class_list":["post-619","page","type-page","status-publish","hentry"],"yoast_head":"<!-- This site is optimized with the Yoast SEO plugin v23.5 - https:\/\/yoast.com\/wordpress\/plugins\/seo\/ -->\n<title>Conversi\u00f3n unidades de almacenamiento - FileTech Emprendimiento digital, Tutoriales y Tecnolog\u00eda<\/title>\n<meta name=\"robots\" content=\"index, follow, max-snippet:-1, max-image-preview:large, max-video-preview:-1\" \/>\n<link rel=\"canonical\" href=\"https:\/\/www.filetechn.com\/conversion-unidades-de-almacenamiento\/\" \/>\n<meta property=\"og:locale\" content=\"en_US\" \/>\n<meta property=\"og:type\" content=\"article\" \/>\n<meta property=\"og:title\" content=\"Conversi\u00f3n unidades de almacenamiento - FileTech Emprendimiento digital, Tutoriales y Tecnolog\u00eda\" \/>\n<meta property=\"og:description\" content=\"Su navegador no soporta iframes. convertlive. Medida Simbolog\u00eda Convertir de Equivalencia bit b bits 1 o 0 Byte B A bits 8 Bits KiloBit kb biits a Kb 1000 bits Kilobyte KB Byte a KB 1024 Bytes Megabit Mb Kb a Mb 1000 Kilobits Megabyte MB KB A MB 1024 KiloBytes Gigabit Gb Mb a [&hellip;]\" \/>\n<meta property=\"og:url\" content=\"https:\/\/www.filetechn.com\/conversion-unidades-de-almacenamiento\/\" \/>\n<meta property=\"og:site_name\" content=\"FileTech Emprendimiento digital, Tutoriales y Tecnolog\u00eda\" \/>\n<meta name=\"twitter:card\" content=\"summary_large_image\" \/>\n<script type=\"application\/ld+json\" class=\"yoast-schema-graph\">{\"@context\":\"https:\/\/schema.org\",\"@graph\":[{\"@type\":\"WebPage\",\"@id\":\"https:\/\/www.filetechn.com\/conversion-unidades-de-almacenamiento\/\",\"url\":\"https:\/\/www.filetechn.com\/conversion-unidades-de-almacenamiento\/\",\"name\":\"Conversi\u00f3n unidades de almacenamiento - FileTech Emprendimiento digital, Tutoriales y Tecnolog\u00eda\",\"isPartOf\":{\"@id\":\"http:\/\/34.227.63.65\/#website\"},\"datePublished\":\"2019-12-07T18:55:41+00:00\",\"dateModified\":\"2019-12-07T18:55:41+00:00\",\"breadcrumb\":{\"@id\":\"https:\/\/www.filetechn.com\/conversion-unidades-de-almacenamiento\/#breadcrumb\"},\"inLanguage\":\"en-US\",\"potentialAction\":[{\"@type\":\"ReadAction\",\"target\":[\"https:\/\/www.filetechn.com\/conversion-unidades-de-almacenamiento\/\"]}]},{\"@type\":\"BreadcrumbList\",\"@id\":\"https:\/\/www.filetechn.com\/conversion-unidades-de-almacenamiento\/#breadcrumb\",\"itemListElement\":[{\"@type\":\"ListItem\",\"position\":1,\"name\":\"Home\",\"item\":\"http:\/\/34.227.63.65\/\"},{\"@type\":\"ListItem\",\"position\":2,\"name\":\"Conversi\u00f3n unidades de almacenamiento\"}]},{\"@type\":\"WebSite\",\"@id\":\"http:\/\/34.227.63.65\/#website\",\"url\":\"http:\/\/34.227.63.65\/\",\"name\":\"FileTech Emprendimiento digital, Tutoriales y Tecnolog\u00eda\",\"description\":\"Emprendimiento Digital, Tutoriales, Tecnolog\u00eda, Hosting, Wordpress\",\"publisher\":{\"@id\":\"http:\/\/34.227.63.65\/#organization\"},\"potentialAction\":[{\"@type\":\"SearchAction\",\"target\":{\"@type\":\"EntryPoint\",\"urlTemplate\":\"http:\/\/34.227.63.65\/?s={search_term_string}\"},\"query-input\":{\"@type\":\"PropertyValueSpecification\",\"valueRequired\":true,\"valueName\":\"search_term_string\"}}],\"inLanguage\":\"en-US\"},{\"@type\":\"Organization\",\"@id\":\"http:\/\/34.227.63.65\/#organization\",\"name\":\"FileTech Emprendimiento digital, Tutoriales y Tecnolog\u00eda\",\"url\":\"http:\/\/34.227.63.65\/\",\"logo\":{\"@type\":\"ImageObject\",\"inLanguage\":\"en-US\",\"@id\":\"http:\/\/34.227.63.65\/#\/schema\/logo\/image\/\",\"url\":\"https:\/\/www.filetechn.com\/wp-content\/uploads\/2024\/09\/cropped-cropped-logo-circle.png\",\"contentUrl\":\"https:\/\/www.filetechn.com\/wp-content\/uploads\/2024\/09\/cropped-cropped-logo-circle.png\",\"width\":512,\"height\":512,\"caption\":\"FileTech Emprendimiento digital, Tutoriales y Tecnolog\u00eda\"},\"image\":{\"@id\":\"http:\/\/34.227.63.65\/#\/schema\/logo\/image\/\"}}]}<\/script>\n<!-- \/ Yoast SEO plugin. -->","yoast_head_json":{"title":"Conversi\u00f3n unidades de almacenamiento - FileTech Emprendimiento digital, Tutoriales y Tecnolog\u00eda","robots":{"index":"index","follow":"follow","max-snippet":"max-snippet:-1","max-image-preview":"max-image-preview:large","max-video-preview":"max-video-preview:-1"},"canonical":"https:\/\/www.filetechn.com\/conversion-unidades-de-almacenamiento\/","og_locale":"en_US","og_type":"article","og_title":"Conversi\u00f3n unidades de almacenamiento - FileTech Emprendimiento digital, Tutoriales y Tecnolog\u00eda","og_description":"Su navegador no soporta iframes. convertlive. Medida Simbolog\u00eda Convertir de Equivalencia bit b bits 1 o 0 Byte B A bits 8 Bits KiloBit kb biits a Kb 1000 bits Kilobyte KB Byte a KB 1024 Bytes Megabit Mb Kb a Mb 1000 Kilobits Megabyte MB KB A MB 1024 KiloBytes Gigabit Gb Mb a [&hellip;]","og_url":"https:\/\/www.filetechn.com\/conversion-unidades-de-almacenamiento\/","og_site_name":"FileTech Emprendimiento digital, Tutoriales y Tecnolog\u00eda","twitter_card":"summary_large_image","schema":{"@context":"https:\/\/schema.org","@graph":[{"@type":"WebPage","@id":"https:\/\/www.filetechn.com\/conversion-unidades-de-almacenamiento\/","url":"https:\/\/www.filetechn.com\/conversion-unidades-de-almacenamiento\/","name":"Conversi\u00f3n unidades de almacenamiento - FileTech Emprendimiento digital, Tutoriales y Tecnolog\u00eda","isPartOf":{"@id":"http:\/\/34.227.63.65\/#website"},"datePublished":"2019-12-07T18:55:41+00:00","dateModified":"2019-12-07T18:55:41+00:00","breadcrumb":{"@id":"https:\/\/www.filetechn.com\/conversion-unidades-de-almacenamiento\/#breadcrumb"},"inLanguage":"en-US","potentialAction":[{"@type":"ReadAction","target":["https:\/\/www.filetechn.com\/conversion-unidades-de-almacenamiento\/"]}]},{"@type":"BreadcrumbList","@id":"https:\/\/www.filetechn.com\/conversion-unidades-de-almacenamiento\/#breadcrumb","itemListElement":[{"@type":"ListItem","position":1,"name":"Home","item":"http:\/\/34.227.63.65\/"},{"@type":"ListItem","position":2,"name":"Conversi\u00f3n unidades de almacenamiento"}]},{"@type":"WebSite","@id":"http:\/\/34.227.63.65\/#website","url":"http:\/\/34.227.63.65\/","name":"FileTech Emprendimiento digital, Tutoriales y Tecnolog\u00eda","description":"Emprendimiento Digital, Tutoriales, Tecnolog\u00eda, Hosting, Wordpress","publisher":{"@id":"http:\/\/34.227.63.65\/#organization"},"potentialAction":[{"@type":"SearchAction","target":{"@type":"EntryPoint","urlTemplate":"http:\/\/34.227.63.65\/?s={search_term_string}"},"query-input":{"@type":"PropertyValueSpecification","valueRequired":true,"valueName":"search_term_string"}}],"inLanguage":"en-US"},{"@type":"Organization","@id":"http:\/\/34.227.63.65\/#organization","name":"FileTech Emprendimiento digital, Tutoriales y Tecnolog\u00eda","url":"http:\/\/34.227.63.65\/","logo":{"@type":"ImageObject","inLanguage":"en-US","@id":"http:\/\/34.227.63.65\/#\/schema\/logo\/image\/","url":"https:\/\/www.filetechn.com\/wp-content\/uploads\/2024\/09\/cropped-cropped-logo-circle.png","contentUrl":"https:\/\/www.filetechn.com\/wp-content\/uploads\/2024\/09\/cropped-cropped-logo-circle.png","width":512,"height":512,"caption":"FileTech Emprendimiento digital, Tutoriales y Tecnolog\u00eda"},"image":{"@id":"http:\/\/34.227.63.65\/#\/schema\/logo\/image\/"}}]}},"_links":{"self":[{"href":"http:\/\/34.227.63.65\/en\/wp-json\/wp\/v2\/pages\/619"}],"collection":[{"href":"http:\/\/34.227.63.65\/en\/wp-json\/wp\/v2\/pages"}],"about":[{"href":"http:\/\/34.227.63.65\/en\/wp-json\/wp\/v2\/types\/page"}],"author":[{"embeddable":true,"href":"http:\/\/34.227.63.65\/en\/wp-json\/wp\/v2\/users\/2"}],"replies":[{"embeddable":true,"href":"http:\/\/34.227.63.65\/en\/wp-json\/wp\/v2\/comments?post=619"}],"version-history":[{"count":0,"href":"http:\/\/34.227.63.65\/en\/wp-json\/wp\/v2\/pages\/619\/revisions"}],"wp:attachment":[{"href":"http:\/\/34.227.63.65\/en\/wp-json\/wp\/v2\/media?parent=619"}],"curies":[{"name":"wp","href":"https:\/\/api.w.org\/{rel}","templated":true}]}}