{"id":4261,"date":"2019-10-29T20:39:02","date_gmt":"2019-10-29T20:39:02","guid":{"rendered":"http:\/\/34.227.63.65\/?page_id=5"},"modified":"2019-10-29T20:39:02","modified_gmt":"2019-10-29T20:39:02","slug":"contactenos","status":"publish","type":"page","link":"http:\/\/34.227.63.65\/en\/contact-us\/","title":{"rendered":"Cont\u00e1ctenos"},"content":{"rendered":"<p>Hola quieres enviar un mensaje al equipo de Filetech, puedes escribirnos a trav\u00e9s de este correo electronico filetechn@gmail.com O tambien puede llenar el siguiente formulario, le responderemos apenas  podamos leer su solicitud o mensaje.<\/p>\n\n\n\n<iframe src=\"https:\/\/docs.google.com\/forms\/d\/e\/1FAIpQLSe5BUmPj1Rlax9_XON4y95aNC4OdtzV139fC-ClfTx6_LhDxg\/viewform?embedded=true\" width=\"640\" height=\"844\" frameborder=\"0\" marginheight=\"0\" marginwidth=\"0\">Loading\u2026<\/iframe>\n\n\n\n\n<p><\/p>","protected":false},"excerpt":{"rendered":"<p>Hola quieres enviar un mensaje al equipo de Filetech, puedes escribirnos a trav\u00e9s de este correo electronico filetechn@gmail.com O tambien puede llenar el siguiente formulario, le responderemos apenas podamos leer su solicitud o mensaje. Loading\u2026<\/p>","protected":false},"author":2,"featured_media":0,"parent":0,"menu_order":0,"comment_status":"closed","ping_status":"closed","template":"","meta":{"footnotes":""},"class_list":["post-4261","page","type-page","status-publish","hentry"],"yoast_head":"<!-- This site is optimized with the Yoast SEO plugin v23.5 - https:\/\/yoast.com\/wordpress\/plugins\/seo\/ -->\n<title>Cont\u00e1ctenos - FileTech Emprendimiento digital, Tutoriales y Tecnolog\u00eda<\/title>\n<meta name=\"robots\" content=\"index, follow, max-snippet:-1, max-image-preview:large, max-video-preview:-1\" \/>\n<link rel=\"canonical\" href=\"https:\/\/www.filetechn.com\/contactenos\/\" \/>\n<meta property=\"og:locale\" content=\"en_US\" \/>\n<meta property=\"og:type\" content=\"article\" \/>\n<meta property=\"og:title\" content=\"Cont\u00e1ctenos - FileTech Emprendimiento digital, Tutoriales y Tecnolog\u00eda\" \/>\n<meta property=\"og:description\" content=\"Hola quieres enviar un mensaje al equipo de Filetech, puedes escribirnos a trav\u00e9s de este correo electronico filetechn@gmail.com O tambien puede llenar el siguiente formulario, le responderemos apenas podamos leer su solicitud o mensaje. Loading\u2026\" \/>\n<meta property=\"og:url\" content=\"https:\/\/www.filetechn.com\/contactenos\/\" \/>\n<meta property=\"og:site_name\" content=\"FileTech Emprendimiento digital, Tutoriales y Tecnolog\u00eda\" \/>\n<meta name=\"twitter:card\" content=\"summary_large_image\" \/>\n<script type=\"application\/ld+json\" class=\"yoast-schema-graph\">{\"@context\":\"https:\/\/schema.org\",\"@graph\":[{\"@type\":\"WebPage\",\"@id\":\"https:\/\/www.filetechn.com\/contactenos\/\",\"url\":\"https:\/\/www.filetechn.com\/contactenos\/\",\"name\":\"Cont\u00e1ctenos - FileTech Emprendimiento digital, Tutoriales y Tecnolog\u00eda\",\"isPartOf\":{\"@id\":\"https:\/\/www.filetechn.com\/en\/#website\"},\"datePublished\":\"2019-10-29T20:39:02+00:00\",\"dateModified\":\"2019-10-29T20:39:02+00:00\",\"breadcrumb\":{\"@id\":\"https:\/\/www.filetechn.com\/contactenos\/#breadcrumb\"},\"inLanguage\":\"en-US\",\"potentialAction\":[{\"@type\":\"ReadAction\",\"target\":[\"https:\/\/www.filetechn.com\/contactenos\/\"]}]},{\"@type\":\"BreadcrumbList\",\"@id\":\"https:\/\/www.filetechn.com\/contactenos\/#breadcrumb\",\"itemListElement\":[{\"@type\":\"ListItem\",\"position\":1,\"name\":\"Home\",\"item\":\"https:\/\/www.filetechn.com\/en\/\"},{\"@type\":\"ListItem\",\"position\":2,\"name\":\"Cont\u00e1ctenos\"}]},{\"@type\":\"WebSite\",\"@id\":\"https:\/\/www.filetechn.com\/en\/#website\",\"url\":\"https:\/\/www.filetechn.com\/en\/\",\"name\":\"FileTech Emprendimiento digital, Tutoriales y Tecnolog\u00eda\",\"description\":\"Emprendimiento Digital, Tutoriales, Tecnolog\u00eda, Hosting, Wordpress\",\"publisher\":{\"@id\":\"https:\/\/www.filetechn.com\/en\/#organization\"},\"potentialAction\":[{\"@type\":\"SearchAction\",\"target\":{\"@type\":\"EntryPoint\",\"urlTemplate\":\"https:\/\/www.filetechn.com\/en\/?s={search_term_string}\"},\"query-input\":{\"@type\":\"PropertyValueSpecification\",\"valueRequired\":true,\"valueName\":\"search_term_string\"}}],\"inLanguage\":\"en-US\"},{\"@type\":\"Organization\",\"@id\":\"https:\/\/www.filetechn.com\/en\/#organization\",\"name\":\"FileTech Emprendimiento digital, Tutoriales y Tecnolog\u00eda\",\"url\":\"https:\/\/www.filetechn.com\/en\/\",\"logo\":{\"@type\":\"ImageObject\",\"inLanguage\":\"en-US\",\"@id\":\"https:\/\/www.filetechn.com\/en\/#\/schema\/logo\/image\/\",\"url\":\"https:\/\/www.filetechn.com\/wp-content\/uploads\/2024\/09\/cropped-cropped-logo-circle.png\",\"contentUrl\":\"https:\/\/www.filetechn.com\/wp-content\/uploads\/2024\/09\/cropped-cropped-logo-circle.png\",\"width\":512,\"height\":512,\"caption\":\"FileTech Emprendimiento digital, Tutoriales y Tecnolog\u00eda\"},\"image\":{\"@id\":\"https:\/\/www.filetechn.com\/en\/#\/schema\/logo\/image\/\"}}]}<\/script>\n<!-- \/ Yoast SEO plugin. -->","yoast_head_json":{"title":"Cont\u00e1ctenos - FileTech Emprendimiento digital, Tutoriales y Tecnolog\u00eda","robots":{"index":"index","follow":"follow","max-snippet":"max-snippet:-1","max-image-preview":"max-image-preview:large","max-video-preview":"max-video-preview:-1"},"canonical":"https:\/\/www.filetechn.com\/contactenos\/","og_locale":"en_US","og_type":"article","og_title":"Cont\u00e1ctenos - FileTech Emprendimiento digital, Tutoriales y Tecnolog\u00eda","og_description":"Hola quieres enviar un mensaje al equipo de Filetech, puedes escribirnos a trav\u00e9s de este correo electronico filetechn@gmail.com O tambien puede llenar el siguiente formulario, le responderemos apenas podamos leer su solicitud o mensaje. Loading\u2026","og_url":"https:\/\/www.filetechn.com\/contactenos\/","og_site_name":"FileTech Emprendimiento digital, Tutoriales y Tecnolog\u00eda","twitter_card":"summary_large_image","schema":{"@context":"https:\/\/schema.org","@graph":[{"@type":"WebPage","@id":"https:\/\/www.filetechn.com\/contactenos\/","url":"https:\/\/www.filetechn.com\/contactenos\/","name":"Cont\u00e1ctenos - FileTech Emprendimiento digital, Tutoriales y Tecnolog\u00eda","isPartOf":{"@id":"https:\/\/www.filetechn.com\/en\/#website"},"datePublished":"2019-10-29T20:39:02+00:00","dateModified":"2019-10-29T20:39:02+00:00","breadcrumb":{"@id":"https:\/\/www.filetechn.com\/contactenos\/#breadcrumb"},"inLanguage":"en-US","potentialAction":[{"@type":"ReadAction","target":["https:\/\/www.filetechn.com\/contactenos\/"]}]},{"@type":"BreadcrumbList","@id":"https:\/\/www.filetechn.com\/contactenos\/#breadcrumb","itemListElement":[{"@type":"ListItem","position":1,"name":"Home","item":"https:\/\/www.filetechn.com\/en\/"},{"@type":"ListItem","position":2,"name":"Cont\u00e1ctenos"}]},{"@type":"WebSite","@id":"https:\/\/www.filetechn.com\/en\/#website","url":"https:\/\/www.filetechn.com\/en\/","name":"FileTech Emprendimiento digital, Tutoriales y Tecnolog\u00eda","description":"Emprendimiento Digital, Tutoriales, Tecnolog\u00eda, Hosting, Wordpress","publisher":{"@id":"https:\/\/www.filetechn.com\/en\/#organization"},"potentialAction":[{"@type":"SearchAction","target":{"@type":"EntryPoint","urlTemplate":"https:\/\/www.filetechn.com\/en\/?s={search_term_string}"},"query-input":{"@type":"PropertyValueSpecification","valueRequired":true,"valueName":"search_term_string"}}],"inLanguage":"en-US"},{"@type":"Organization","@id":"https:\/\/www.filetechn.com\/en\/#organization","name":"FileTech Emprendimiento digital, Tutoriales y Tecnolog\u00eda","url":"https:\/\/www.filetechn.com\/en\/","logo":{"@type":"ImageObject","inLanguage":"en-US","@id":"https:\/\/www.filetechn.com\/en\/#\/schema\/logo\/image\/","url":"https:\/\/www.filetechn.com\/wp-content\/uploads\/2024\/09\/cropped-cropped-logo-circle.png","contentUrl":"https:\/\/www.filetechn.com\/wp-content\/uploads\/2024\/09\/cropped-cropped-logo-circle.png","width":512,"height":512,"caption":"FileTech Emprendimiento digital, Tutoriales y Tecnolog\u00eda"},"image":{"@id":"https:\/\/www.filetechn.com\/en\/#\/schema\/logo\/image\/"}}]}},"_links":{"self":[{"href":"http:\/\/34.227.63.65\/en\/wp-json\/wp\/v2\/pages\/4261"}],"collection":[{"href":"http:\/\/34.227.63.65\/en\/wp-json\/wp\/v2\/pages"}],"about":[{"href":"http:\/\/34.227.63.65\/en\/wp-json\/wp\/v2\/types\/page"}],"author":[{"embeddable":true,"href":"http:\/\/34.227.63.65\/en\/wp-json\/wp\/v2\/users\/2"}],"replies":[{"embeddable":true,"href":"http:\/\/34.227.63.65\/en\/wp-json\/wp\/v2\/comments?post=4261"}],"version-history":[{"count":0,"href":"http:\/\/34.227.63.65\/en\/wp-json\/wp\/v2\/pages\/4261\/revisions"}],"wp:attachment":[{"href":"http:\/\/34.227.63.65\/en\/wp-json\/wp\/v2\/media?parent=4261"}],"curies":[{"name":"wp","href":"https:\/\/api.w.org\/{rel}","templated":true}]}}