{"id":11,"date":"2019-10-29T20:45:22","date_gmt":"2019-10-29T20:45:22","guid":{"rendered":"http:\/\/34.227.63.65\/?page_id=11"},"modified":"2019-10-29T20:45:22","modified_gmt":"2019-10-29T20:45:22","slug":"acerca-de-la-pagina","status":"publish","type":"page","link":"http:\/\/34.227.63.65\/en\/about-page\/","title":{"rendered":"About this page"},"content":{"rendered":"<p>Filetech fue construido como un canal de Youtube que fue creciendo poco a poco, pero Youtube nunca lo monetizo antes termino por cerrarlo, entonces filetech quedo como una idea de distribuir tecnolog\u00eda y dar un mejor uso de ella y para aprender cosas nuevas, hacemos tutoriales y muchas cosas m\u00e1s. Actualmente nuestro canal de Youtube se llama Univertech, que lo puedes buscar si tu quieres. <\/p>\n\n\n\n<p><strong>Protagonistas:<\/strong><\/p>\n\n\n\n<p>Me llamo Johan Astudillo Ingeniero de sistemas, Colombiano, actualmente culminando\u00a0mis estudios de seguridad inform\u00e1tica<\/p>\n\n\n\n<p><strong>Misi\u00f3n:&nbsp;<\/strong><\/p>\n\n\n\n<p>Queremos seguir siendo integros con nuestros lectores y usuarios, para llevar una buena relaci\u00f3n con ellos y cada vez posicionandonos m\u00e1s en los buscadores de internet.&nbsp;<\/p>\n\n\n\n<p><strong>Meta final O visi\u00f3n:&nbsp;<\/strong><br \/>Queremos llegar a ser la pagina web numero uno en inform\u00e1tica, superar a los grandes en esta gran industria, ya que muchos se dedican a los blogs de tecnolog\u00eda, siempre llevando una pagina web integra y respetando a todos nuestros usuarios interesados en los temas de tecnolog\u00eda, cumpliendo las normas de Google Adsense&nbsp; y poniendo publicidad en Google Adwords y mejorar nuestros otros servicios y p\u00e1ginas web y convertirnos en un conglomerado poco a poco.<\/p>\n\n\n\n<p><strong>Obst\u00e1culos:<\/strong><\/p>\n\n\n\n<p>Como ya les dije el obst\u00e1culo&nbsp;fue comprar el dominio web, tambi\u00e9n otro obst\u00e1culo&nbsp;es lograr que Google Adsense nos acepten, como sabran Google esta muy estricto a la hora de aceptar a sus fuentes de publicidad, incluso nuestros canales en Youtube (Filetech y Filetech Games) no han sido aceptados por Google Adsense y fueron borrados por copyright esperamos volver con un nuevo proyecto UniverTech y UniverTech Games.&nbsp;\n\n<\/p>","protected":false},"excerpt":{"rendered":"<p>Filetech fue construido como un canal de Youtube que fue creciendo poco a poco, pero Youtube nunca lo monetizo antes termino por cerrarlo, entonces filetech quedo como una idea de distribuir tecnolog\u00eda y dar un mejor uso de ella y para aprender cosas nuevas, hacemos tutoriales y muchas cosas m\u00e1s. Actualmente nuestro canal de Youtube [&hellip;]<\/p>","protected":false},"author":2,"featured_media":0,"parent":0,"menu_order":0,"comment_status":"closed","ping_status":"closed","template":"","meta":{"footnotes":""},"class_list":["post-11","page","type-page","status-publish","hentry"],"yoast_head":"<!-- This site is optimized with the Yoast SEO plugin v23.5 - https:\/\/yoast.com\/wordpress\/plugins\/seo\/ -->\n<title>Acerca de la p\u00e1gina - FileTech Emprendimiento digital, Tutoriales y Tecnolog\u00eda<\/title>\n<meta name=\"robots\" content=\"index, follow, max-snippet:-1, max-image-preview:large, max-video-preview:-1\" \/>\n<link rel=\"canonical\" href=\"https:\/\/www.filetechn.com\/acerca-de-la-pagina\/\" \/>\n<meta property=\"og:locale\" content=\"en_US\" \/>\n<meta property=\"og:type\" content=\"article\" \/>\n<meta property=\"og:title\" content=\"Acerca de la p\u00e1gina - FileTech Emprendimiento digital, Tutoriales y Tecnolog\u00eda\" \/>\n<meta property=\"og:description\" content=\"Filetech fue construido como un canal de Youtube que fue creciendo poco a poco, pero Youtube nunca lo monetizo antes termino por cerrarlo, entonces filetech quedo como una idea de distribuir tecnolog\u00eda y dar un mejor uso de ella y para aprender cosas nuevas, hacemos tutoriales y muchas cosas m\u00e1s. Actualmente nuestro canal de Youtube [&hellip;]\" \/>\n<meta property=\"og:url\" content=\"https:\/\/www.filetechn.com\/acerca-de-la-pagina\/\" \/>\n<meta property=\"og:site_name\" content=\"FileTech Emprendimiento digital, Tutoriales y Tecnolog\u00eda\" \/>\n<meta name=\"twitter:card\" content=\"summary_large_image\" \/>\n<meta name=\"twitter:label1\" content=\"Est. reading time\" \/>\n\t<meta name=\"twitter:data1\" content=\"2 minutes\" \/>\n<script type=\"application\/ld+json\" class=\"yoast-schema-graph\">{\"@context\":\"https:\/\/schema.org\",\"@graph\":[{\"@type\":\"WebPage\",\"@id\":\"https:\/\/www.filetechn.com\/acerca-de-la-pagina\/\",\"url\":\"https:\/\/www.filetechn.com\/acerca-de-la-pagina\/\",\"name\":\"Acerca de la p\u00e1gina - FileTech Emprendimiento digital, Tutoriales y Tecnolog\u00eda\",\"isPartOf\":{\"@id\":\"http:\/\/34.227.63.65\/#website\"},\"datePublished\":\"2019-10-29T20:45:22+00:00\",\"dateModified\":\"2019-10-29T20:45:22+00:00\",\"breadcrumb\":{\"@id\":\"https:\/\/www.filetechn.com\/acerca-de-la-pagina\/#breadcrumb\"},\"inLanguage\":\"en-US\",\"potentialAction\":[{\"@type\":\"ReadAction\",\"target\":[\"https:\/\/www.filetechn.com\/acerca-de-la-pagina\/\"]}]},{\"@type\":\"BreadcrumbList\",\"@id\":\"https:\/\/www.filetechn.com\/acerca-de-la-pagina\/#breadcrumb\",\"itemListElement\":[{\"@type\":\"ListItem\",\"position\":1,\"name\":\"Home\",\"item\":\"http:\/\/34.227.63.65\/\"},{\"@type\":\"ListItem\",\"position\":2,\"name\":\"Acerca de la p\u00e1gina\"}]},{\"@type\":\"WebSite\",\"@id\":\"http:\/\/34.227.63.65\/#website\",\"url\":\"http:\/\/34.227.63.65\/\",\"name\":\"FileTech Emprendimiento digital, Tutoriales y Tecnolog\u00eda\",\"description\":\"Emprendimiento Digital, Tutoriales, Tecnolog\u00eda, Hosting, Wordpress\",\"publisher\":{\"@id\":\"http:\/\/34.227.63.65\/#organization\"},\"potentialAction\":[{\"@type\":\"SearchAction\",\"target\":{\"@type\":\"EntryPoint\",\"urlTemplate\":\"http:\/\/34.227.63.65\/?s={search_term_string}\"},\"query-input\":{\"@type\":\"PropertyValueSpecification\",\"valueRequired\":true,\"valueName\":\"search_term_string\"}}],\"inLanguage\":\"en-US\"},{\"@type\":\"Organization\",\"@id\":\"http:\/\/34.227.63.65\/#organization\",\"name\":\"FileTech Emprendimiento digital, Tutoriales y Tecnolog\u00eda\",\"url\":\"http:\/\/34.227.63.65\/\",\"logo\":{\"@type\":\"ImageObject\",\"inLanguage\":\"en-US\",\"@id\":\"http:\/\/34.227.63.65\/#\/schema\/logo\/image\/\",\"url\":\"https:\/\/www.filetechn.com\/wp-content\/uploads\/2024\/09\/cropped-cropped-logo-circle.png\",\"contentUrl\":\"https:\/\/www.filetechn.com\/wp-content\/uploads\/2024\/09\/cropped-cropped-logo-circle.png\",\"width\":512,\"height\":512,\"caption\":\"FileTech Emprendimiento digital, Tutoriales y Tecnolog\u00eda\"},\"image\":{\"@id\":\"http:\/\/34.227.63.65\/#\/schema\/logo\/image\/\"}}]}<\/script>\n<!-- \/ Yoast SEO plugin. -->","yoast_head_json":{"title":"Acerca de la p\u00e1gina - FileTech Emprendimiento digital, Tutoriales y Tecnolog\u00eda","robots":{"index":"index","follow":"follow","max-snippet":"max-snippet:-1","max-image-preview":"max-image-preview:large","max-video-preview":"max-video-preview:-1"},"canonical":"https:\/\/www.filetechn.com\/acerca-de-la-pagina\/","og_locale":"en_US","og_type":"article","og_title":"Acerca de la p\u00e1gina - FileTech Emprendimiento digital, Tutoriales y Tecnolog\u00eda","og_description":"Filetech fue construido como un canal de Youtube que fue creciendo poco a poco, pero Youtube nunca lo monetizo antes termino por cerrarlo, entonces filetech quedo como una idea de distribuir tecnolog\u00eda y dar un mejor uso de ella y para aprender cosas nuevas, hacemos tutoriales y muchas cosas m\u00e1s. Actualmente nuestro canal de Youtube [&hellip;]","og_url":"https:\/\/www.filetechn.com\/acerca-de-la-pagina\/","og_site_name":"FileTech Emprendimiento digital, Tutoriales y Tecnolog\u00eda","twitter_card":"summary_large_image","twitter_misc":{"Est. reading time":"2 minutes"},"schema":{"@context":"https:\/\/schema.org","@graph":[{"@type":"WebPage","@id":"https:\/\/www.filetechn.com\/acerca-de-la-pagina\/","url":"https:\/\/www.filetechn.com\/acerca-de-la-pagina\/","name":"Acerca de la p\u00e1gina - FileTech Emprendimiento digital, Tutoriales y Tecnolog\u00eda","isPartOf":{"@id":"http:\/\/34.227.63.65\/#website"},"datePublished":"2019-10-29T20:45:22+00:00","dateModified":"2019-10-29T20:45:22+00:00","breadcrumb":{"@id":"https:\/\/www.filetechn.com\/acerca-de-la-pagina\/#breadcrumb"},"inLanguage":"en-US","potentialAction":[{"@type":"ReadAction","target":["https:\/\/www.filetechn.com\/acerca-de-la-pagina\/"]}]},{"@type":"BreadcrumbList","@id":"https:\/\/www.filetechn.com\/acerca-de-la-pagina\/#breadcrumb","itemListElement":[{"@type":"ListItem","position":1,"name":"Home","item":"http:\/\/34.227.63.65\/"},{"@type":"ListItem","position":2,"name":"Acerca de la p\u00e1gina"}]},{"@type":"WebSite","@id":"http:\/\/34.227.63.65\/#website","url":"http:\/\/34.227.63.65\/","name":"FileTech Emprendimiento digital, Tutoriales y Tecnolog\u00eda","description":"Emprendimiento Digital, Tutoriales, Tecnolog\u00eda, Hosting, Wordpress","publisher":{"@id":"http:\/\/34.227.63.65\/#organization"},"potentialAction":[{"@type":"SearchAction","target":{"@type":"EntryPoint","urlTemplate":"http:\/\/34.227.63.65\/?s={search_term_string}"},"query-input":{"@type":"PropertyValueSpecification","valueRequired":true,"valueName":"search_term_string"}}],"inLanguage":"en-US"},{"@type":"Organization","@id":"http:\/\/34.227.63.65\/#organization","name":"FileTech Emprendimiento digital, Tutoriales y Tecnolog\u00eda","url":"http:\/\/34.227.63.65\/","logo":{"@type":"ImageObject","inLanguage":"en-US","@id":"http:\/\/34.227.63.65\/#\/schema\/logo\/image\/","url":"https:\/\/www.filetechn.com\/wp-content\/uploads\/2024\/09\/cropped-cropped-logo-circle.png","contentUrl":"https:\/\/www.filetechn.com\/wp-content\/uploads\/2024\/09\/cropped-cropped-logo-circle.png","width":512,"height":512,"caption":"FileTech Emprendimiento digital, Tutoriales y Tecnolog\u00eda"},"image":{"@id":"http:\/\/34.227.63.65\/#\/schema\/logo\/image\/"}}]}},"_links":{"self":[{"href":"http:\/\/34.227.63.65\/en\/wp-json\/wp\/v2\/pages\/11"}],"collection":[{"href":"http:\/\/34.227.63.65\/en\/wp-json\/wp\/v2\/pages"}],"about":[{"href":"http:\/\/34.227.63.65\/en\/wp-json\/wp\/v2\/types\/page"}],"author":[{"embeddable":true,"href":"http:\/\/34.227.63.65\/en\/wp-json\/wp\/v2\/users\/2"}],"replies":[{"embeddable":true,"href":"http:\/\/34.227.63.65\/en\/wp-json\/wp\/v2\/comments?post=11"}],"version-history":[{"count":0,"href":"http:\/\/34.227.63.65\/en\/wp-json\/wp\/v2\/pages\/11\/revisions"}],"wp:attachment":[{"href":"http:\/\/34.227.63.65\/en\/wp-json\/wp\/v2\/media?parent=11"}],"curies":[{"name":"wp","href":"https:\/\/api.w.org\/{rel}","templated":true}]}}